{"id":278,"date":"2023-10-19T20:25:48","date_gmt":"2023-10-19T20:25:48","guid":{"rendered":"http:\/\/www.human-rights-iran.org\/hri\/?page_id=278"},"modified":"2023-10-20T21:02:18","modified_gmt":"2023-10-20T21:02:18","slug":"uber-uns","status":"publish","type":"page","link":"https:\/\/www.human-rights-iran.org\/hri\/uber-uns","title":{"rendered":"\u00dcber uns"},"content":{"rendered":"\n<p>Komitee zur Verteidigung der Menschenrechte im Iran-\u00d6sterreich<\/p>\n\n\n\n<p>Das <strong>Komitee zur Verteidigung der Menschenrechte im Iran <\/strong>versteht sich als eine \u00fcberparteiliche, unabh\u00e4ngige Vereinigung. Die Grundlage seiner T\u00e4tigkeit bilden die Allgemeine Erkl\u00e4rung der Menschenrechte vom 1948 und der UN-Pakt \u00fcber politische und b\u00fcrgerliche Rechte vom 1966, die auch vom Iran unterzeichnet worden sind.<\/p>\n\n\n\n<p>Das Komitee wurde im Jahre 1982 gegr\u00fcndet. Es hat die Unterst\u00fctzung von prominenten Pers\u00f6nlichkeiten des \u00f6ffentlichen Lebens in \u00d6sterreich genossen, die als Ehrenmitglieder dem Komitee beigetreten sind: Die Damen und Herren Dr. Heinz Fischer, Karl Blecha, Johanna Dohnal, Dr. Wendelin Ettmayer, Leopold Gratz, Dr. Hilde Hawlicek, Rosa Heinz, Dr. Josef H\u00f6chtl, Dr. Marga Hubinek, Dr. Heinrich Neisser, Dr. G\u00fcnther Nenning, Dr. Jolanda Offenbeck, Ingrid Smejkal, Dr. Ludwig Steiner und Otto Tausig.<\/p>\n\n\n\n<p>Zu den Aktivit\u00e4ten des Komitees z\u00e4hlt u. a. die Unterst\u00fctzung von hunderten politisch Verfolgten, die in \u00d6sterreich eine Zuflucht gesucht haben. Das Komitee erhielt im Jahre 1995 den Bruno-Kreisky-Preis f\u00fcr seine Verdienste zur Verteidigung und Bewahrung der Menschenrechte.<\/p>\n\n\n\n<p><strong>Die Charta<\/strong><\/p>\n\n\n\n<p>Komitee zur Verteidigung der Menschenrechte im Iran ist eine unabh\u00e4ngige Nicht-Regierungsorganisation(NGO), die durch eine Gruppe der in \u00d6sterreich lebenden Iraner\/Innen gegr\u00fcndet worden ist. Die Intention des Komitees besteht darin, die Menschenrechte im Iran sowie in anderen L\u00e4ndern zu verteidigen.<\/p>\n\n\n\n<p>Die gegenw\u00e4rtige Situation in der Islamischen Republik Iran ist dadurch gekennzeichnet, dass die Menschenrechte st\u00e4ndig in breiter Front verletzt werden. In Anbetracht dessen, dass in der Islamischen Republik Iran Institutionen, die Willens und in der Lage sind, den B\u00fcrgern des Landes die Menschenrechte zu gew\u00e4hrleisten bzw. deren Verletzung zu verhindern fehlen, ist die Unterst\u00fctzung der demokratischen Forderungen der iranischen B\u00fcrger seitens der Welt\u00f6ffentlichkeit sowie nationaler wie internationaler Institutionen von eminenter Bedeutung.<\/p>\n\n\n\n<p><strong>Ziele des Komitees:<\/strong><\/p>\n\n\n\n<p>Propagierung der Prinzipien der Internationale Erkl\u00e4rung der Menschenrechte und die damit zusammenh\u00e4ngenden Konventionen. Initiierung des Diskurses und der Aufkl\u00e4rung \u00fcber verschiedene Aspekte der fundamentalen Prinzipien der Menschenrechte im Hinblick auf ihre Etablierung als Normen im internationalen Rechtssystem. Ferner Forcierung der Bem\u00fchungen, um die Notwendigkeit der Verankerung dieser Normen als positives Recht in national-staatlichen Rechtssystemen aufzuzeigen.<\/p>\n\n\n\n<p>Vermitteln von Informationen hinsichtlich der menschenrechtsrelevanten Ereignisse im Iran und andren L\u00e4ndern via Massenmedien, st\u00e4ndiger Kontakt mit den Menschenrechtsorganisationen innerhalb des Iran und das Sammeln von direkten, zuverl\u00e4ssigen Erkenntnissen \u00fcber die Situation der Menscherechte dort.<\/p>\n\n\n\n<p>Bekanntmachung der F\u00e4lle von Menschenrechtsverletzungen in der I.R. Iran und Alarmierung der \u00f6ffentlichen Meinung sowie Institutionen und Pers\u00f6nlichkeit, deren Unterst\u00fctzung in diesem Zusammenhang wirksam sein kann.<\/p>\n\n\n\n<p>Unternehmen von Anstrengungen mit dem Ziel der Vernetzung von Organisationen und Gruppierungen, die weltweit f\u00fcr die Wahrung der Menschenrechte eintreten.<\/p>\n\n\n\n<p>Es ist evident, dass diese hehren Ziele durch die Solidarit\u00e4t und die Kooperation mit denjenigen erreicht werden kann, denen das Menschenrecht ein hohes Gut darstellt.<\/p>\n","protected":false},"excerpt":{"rendered":"<p>Komitee zur Verteidigung der Menschenrechte im Iran-\u00d6sterreich Das Komitee zur Verteidigung der Menschenrechte im Iran versteht sich als eine \u00fcberparteiliche, unabh\u00e4ngige Vereinigung. Die Grundlage seiner T\u00e4tigkeit bilden die Allgemeine Erkl\u00e4rung der Menschenrechte vom 1948 und der UN-Pakt \u00fcber politische und b\u00fcrgerliche Rechte vom 1966, die auch vom Iran unterzeichnet worden sind. Das Komitee wurde im Jahre 1982 gegr\u00fcndet. Es hat<\/p>\n","protected":false},"author":1,"featured_media":56,"parent":0,"menu_order":0,"comment_status":"closed","ping_status":"closed","template":"","meta":{"footnotes":""},"_links":{"self":[{"href":"https:\/\/www.human-rights-iran.org\/hri\/wp-json\/wp\/v2\/pages\/278"}],"collection":[{"href":"https:\/\/www.human-rights-iran.org\/hri\/wp-json\/wp\/v2\/pages"}],"about":[{"href":"https:\/\/www.human-rights-iran.org\/hri\/wp-json\/wp\/v2\/types\/page"}],"author":[{"embeddable":true,"href":"https:\/\/www.human-rights-iran.org\/hri\/wp-json\/wp\/v2\/users\/1"}],"replies":[{"embeddable":true,"href":"https:\/\/www.human-rights-iran.org\/hri\/wp-json\/wp\/v2\/comments?post=278"}],"version-history":[{"count":4,"href":"https:\/\/www.human-rights-iran.org\/hri\/wp-json\/wp\/v2\/pages\/278\/revisions"}],"predecessor-version":[{"id":293,"href":"https:\/\/www.human-rights-iran.org\/hri\/wp-json\/wp\/v2\/pages\/278\/revisions\/293"}],"wp:featuredmedia":[{"embeddable":true,"href":"https:\/\/www.human-rights-iran.org\/hri\/wp-json\/wp\/v2\/media\/56"}],"wp:attachment":[{"href":"https:\/\/www.human-rights-iran.org\/hri\/wp-json\/wp\/v2\/media?parent=278"}],"curies":[{"name":"wp","href":"https:\/\/api.w.org\/{rel}","templated":true}]}}